{"id":2617,"date":"2025-01-14T08:10:39","date_gmt":"2025-01-14T08:10:39","guid":{"rendered":"https:\/\/www.mahakumbhmela.info\/conditions-generales-dutilisation\/"},"modified":"2025-01-20T09:34:31","modified_gmt":"2025-01-20T09:34:31","slug":"conditions-generales-dutilisation","status":"publish","type":"page","link":"https:\/\/www.asksaraswati.com\/fr\/conditions-generales-dutilisation\/","title":{"rendered":"Conditions g\u00e9n\u00e9rales d&rsquo;utilisation"},"content":{"rendered":"<p>[et_pb_section fb_built=\u00a0\u00bb1&Prime; admin_label=\u00a0\u00bbHero\u00a0\u00bb _builder_version=\u00a0\u00bb4.23.1&Prime; _module_preset=\u00a0\u00bbdefault\u00a0\u00bb custom_padding=\u00a0\u00bb8vw||||false|false\u00a0\u00bb locked=\u00a0\u00bboff\u00a0\u00bb collapsed=\u00a0\u00bbon\u00a0\u00bb global_colors_info=\u00a0\u00bb{}\u00a0\u00bb][et_pb_row _builder_version=\u00a0\u00bb4.27.4&Prime; _module_preset=\u00a0\u00bbdefault\u00a0\u00bb][et_pb_column _builder_version=\u00a0\u00bb4.27.4&Prime; _module_preset=\u00a0\u00bbdefault\u00a0\u00bb type=\u00a0\u00bb4_4&Prime;][et_pb_accordion _builder_version=\u00a0\u00bb4.27.4&Prime; _module_preset=\u00a0\u00bbdefault\u00a0\u00bb background_color=\u00a0\u00bb#FFFFFF\u00a0\u00bb hover_enabled=\u00a0\u00bb0&Prime; sticky_enabled=\u00a0\u00bb0&Prime;][et_pb_accordion_item title=\u00a0\u00bbConditions g\u00e9n\u00e9rales d&#039;utilisation\u00a0\u00bb _builder_version=\u00a0\u00bb4.27.4&Prime; _module_preset=\u00a0\u00bbdefault\u00a0\u00bb open=\u00a0\u00bbon\u00a0\u00bb hover_enabled=\u00a0\u00bb0&Prime; sticky_enabled=\u00a0\u00bb0&Prime;]<\/p>\n<p><span style=\"color: #ff6600;\"><strong>Conditions g\u00e9n\u00e9rales d&rsquo;utilisation<\/strong><\/span><br \/><span style=\"color: #ff6600;\"><strong>Date d&rsquo;entr\u00e9e en vigueur : 01\/07\/2025<\/strong><\/span><br \/><span style=\"color: #ff6600;\"><strong>Derni\u00e8re mise \u00e0 jour : 01\/07\/2025<\/strong><\/span><br \/>Bienvenue dans le guide multilingue MahaKumbh 2025 (\u00ab\u00a0l&rsquo;application\u00a0\u00bb). En t\u00e9l\u00e9chargeant, en acc\u00e9dant ou en utilisant l&rsquo;application, vous acceptez de vous conformer et d&rsquo;\u00eatre li\u00e9 par les pr\u00e9sentes conditions g\u00e9n\u00e9rales (\u00ab\u00a0Conditions\u00a0\u00bb). Si vous n&rsquo;acceptez pas ces conditions, veuillez ne pas utiliser l&rsquo;application.  <\/p>\n<p><strong><span style=\"color: #ff6600;\">1. Utilisation de l&rsquo;application<\/span><\/strong><br \/>1. \u00c9ligibilit\u00e9 :<br \/>Vous devez \u00eatre \u00e2g\u00e9 d&rsquo;au moins 13 ans pour utiliser l&rsquo;application. Si vous avez moins de 18 ans, vous devez avoir l&rsquo;accord de vos parents ou de votre tuteur pour utiliser l&rsquo;application.<br \/>2. Licence :<br \/>Nous vous accordons une licence limit\u00e9e, non exclusive, non transf\u00e9rable et r\u00e9vocable pour utiliser l&rsquo;application \u00e0 des fins personnelles et non commerciales conform\u00e9ment aux pr\u00e9sentes conditions.<br \/>3. Activit\u00e9s interdites :<br \/>Vous acceptez de ne pas :<br \/>Utiliser l&rsquo;application \u00e0 des fins ill\u00e9gales, frauduleuses ou non autoris\u00e9es.<br \/>Tenter d&rsquo;interf\u00e9rer avec le fonctionnement de l&rsquo;application, y compris le piratage ou l&rsquo;introduction d&rsquo;un logiciel malveillant.<br \/> Modifier, faire de l&rsquo;ing\u00e9nierie inverse ou cr\u00e9er des \u0153uvres d\u00e9riv\u00e9es bas\u00e9es sur l&rsquo;application. <\/p>\n<p><strong><span style=\"color: #ff6600;\">2. Contenu et propri\u00e9t\u00e9 intellectuelle<\/span><\/strong><br \/>1. Propri\u00e9t\u00e9 :<br \/>Tout le contenu, les caract\u00e9ristiques et les fonctionnalit\u00e9s de l&rsquo;application, y compris le texte, les images, les vid\u00e9os et le code, sont la propri\u00e9t\u00e9 intellectuelle d&rsquo;Intelligent Cloud LLC ou de ses conc\u00e9dants de licence et sont prot\u00e9g\u00e9s par les lois sur les droits d&rsquo;auteur en vigueur.<br \/>2.Contenu g\u00e9n\u00e9r\u00e9 par l&rsquo;utilisateur :<br \/>Si l&rsquo;application vous permet de soumettre du contenu, vous nous accordez une licence mondiale et libre de droits pour utiliser, reproduire et distribuer votre contenu soumis en relation avec l&rsquo;application.<br \/>3. Utilisation \u00e9quitable :<br \/>Notre base de connaissances utilise la technologie RAG (Retrieval-Augmented Generation) pour fournir des informations r\u00e9sum\u00e9es \u00e0 partir de sources accessibles au public. Nous respectons les lois sur les droits d&rsquo;auteur et pensons que notre utilisation est conforme aux principes de l&rsquo;usage loyal. <\/p>\n<p><strong><span style=\"color: #ff6600;\">3. Paiements et abonnements<\/span><\/strong><br \/>1. Fonctionnalit\u00e9s gratuites et payantes :<br \/>Certaines fonctionnalit\u00e9s de l&rsquo;application peuvent \u00eatre disponibles gratuitement, tandis que d&rsquo;autres n\u00e9cessitent un paiement ou un abonnement.<br \/>2. Facturation :<br \/>Tous les paiements sont trait\u00e9s par l&rsquo;interm\u00e9diaire des magasins d&rsquo;applications respectifs (Google Play ou Apple App Store). En effectuant un achat, vous acceptez les conditions g\u00e9n\u00e9rales du fournisseur de paiement.<br \/>3. Remboursements :<br \/>Les remboursements sont soumis aux r\u00e8gles du magasin d&rsquo;applications par l&rsquo;interm\u00e9diaire duquel l&rsquo;achat a \u00e9t\u00e9 effectu\u00e9. Veuillez consulter les r\u00e8gles de remboursement de Google Play ou d&rsquo;Apple App Store pour plus de d\u00e9tails.  <\/p>\n<p><strong><span style=\"color: #ff6600;\">4. Protection de la vie priv\u00e9e<\/span><\/strong><br \/>Nous accordons une grande importance \u00e0 la protection de votre vie priv\u00e9e. Notre politique de confidentialit\u00e9 explique comment nous collectons, utilisons et prot\u00e9geons vos informations personnelles. En utilisant l&rsquo;application, vous acceptez les termes de notre politique de confidentialit\u00e9. <a href=\"https:\/\/www.mahakumbhmela.info\/privacy-policy\/\"><span style=\"color: #0000ff;\">Politique de confidentialit\u00e9.<\/span><\/a>  <\/p>\n<p><strong><span style=\"color: #ff6600;\">5. Exclusion de garantie<\/span><\/strong><br \/>&#8211; L&rsquo;application est fournie \u00ab\u00a0telle quelle\u00a0\u00bb et \u00ab\u00a0telle que disponible\u00a0\u00bb, sans aucune garantie d&rsquo;aucune sorte, expresse ou implicite.<br \/>&#8211; Nous ne garantissons pas l&rsquo;exactitude, la fiabilit\u00e9 ou l&rsquo;exhaustivit\u00e9 des informations fournies par l&rsquo;application.<br \/>&#8211; L&rsquo;utilisation de l&rsquo;application se fait \u00e0 vos propres risques, et nous ne sommes pas responsables des dommages r\u00e9sultant de son utilisation.<\/p>\n<p style=\"text-align: justify;\"><strong><span style=\"color: #ff6600;\">6. Limitation de responsabilit\u00e9<\/span><\/strong><br \/>&#8211; Dans toute la mesure permise par la loi, nous ne serons pas responsables des dommages directs, indirects, accessoires ou cons\u00e9cutifs r\u00e9sultant de votre utilisation de l&rsquo;application.<br \/>&#8211; Ceci inclut, mais n&rsquo;est pas limit\u00e9 aux dommages r\u00e9sultant d&rsquo;erreurs, d&rsquo;interruptions ou de pertes de donn\u00e9es.<\/p>\n<p><strong><span style=\"color: #ff6600;\">7. Modifications et mises \u00e0 jour<\/span><\/strong><br \/>1. Modifications des Conditions :<br \/>Nous nous r\u00e9servons le droit de modifier ces Conditions \u00e0 tout moment. Les modifications entreront en vigueur d\u00e8s leur publication.<br \/>La poursuite de l&rsquo;utilisation de l&rsquo;application apr\u00e8s les mises \u00e0 jour constitue votre acceptation des conditions r\u00e9vis\u00e9es.<br \/>2. Mises \u00e0 jour de l&rsquo;application :<br \/>Nous pouvons publier des mises \u00e0 jour, des corrections de bogues ou de nouvelles fonctionnalit\u00e9s pour am\u00e9liorer l&rsquo;application. Vous \u00eates responsable de la mise \u00e0 jour de votre appareil \u00e0 la derni\u00e8re version de l&rsquo;application.  <\/p>\n<p><strong><span style=\"color: #ff6600;\">8. R\u00e9siliation<\/span><\/strong><br \/>Nous nous r\u00e9servons le droit de suspendre ou de r\u00e9silier votre acc\u00e8s \u00e0 l&rsquo;application \u00e0 notre discr\u00e9tion, sans pr\u00e9avis, si vous enfreignez les pr\u00e9sentes conditions ou si vous vous livrez \u00e0 des activit\u00e9s interdites.<\/p>\n<p>9. <strong><span style=\"color: #ff6600;\">Droit applicable<\/span><\/strong><br \/>Les pr\u00e9sentes conditions sont r\u00e9gies par les lois des \u00c9tats-Unis, de la Californie, sans tenir compte des principes de conflit de lois.<br \/>Tout litige d\u00e9coulant des pr\u00e9sentes conditions sera r\u00e9solu par les tribunaux des \u00c9tats-Unis\/de la Californie.<\/p>\n<p><strong><span style=\"color: #ff6600;\">10. Nous contacter<\/span><\/strong><br \/>Si vous avez des questions concernant les pr\u00e9sentes conditions, veuillez nous contacter par l&rsquo;interm\u00e9diaire de notre site Web. <a href=\"https:\/\/www.mahakumbhmela.info\/contact\/\" title=\"Nous contacter\"><span style=\"color: #0000ff;\">Contactez-nous<\/span><\/a> Formulaire.<\/p>\n<p>[\/et_pb_accordion_item][\/et_pb_accordion][\/et_pb_column][\/et_pb_row][\/et_pb_section]<\/p>\n","protected":false},"excerpt":{"rendered":"<p>Conditions g\u00e9n\u00e9rales d&rsquo;utilisationDate d&rsquo;entr\u00e9e en vigueur : 01\/07\/2025Derni\u00e8re mise \u00e0 jour : 01\/07\/2025Bienvenue dans le guide multilingue MahaKumbh 2025 (\u00ab\u00a0l&rsquo;application\u00a0\u00bb). En t\u00e9l\u00e9chargeant, en acc\u00e9dant ou en utilisant l&rsquo;application, vous acceptez de vous conformer et d&rsquo;\u00eatre li\u00e9 par les pr\u00e9sentes conditions g\u00e9n\u00e9rales (\u00ab\u00a0Conditions\u00a0\u00bb). Si vous n&rsquo;acceptez pas ces conditions, veuillez ne pas utiliser l&rsquo;application. 1. Utilisation [&hellip;]<\/p>\n","protected":false},"author":1,"featured_media":0,"parent":0,"menu_order":0,"comment_status":"closed","ping_status":"closed","template":"","meta":{"_et_pb_use_builder":"on","_et_pb_old_content":"","_et_gb_content_width":"","footnotes":""},"class_list":["post-2617","page","type-page","status-publish","hentry"],"ams_acf":[],"jetpack_sharing_enabled":true,"_links":{"self":[{"href":"https:\/\/www.asksaraswati.com\/fr\/wp-json\/wp\/v2\/pages\/2617","targetHints":{"allow":["GET"]}}],"collection":[{"href":"https:\/\/www.asksaraswati.com\/fr\/wp-json\/wp\/v2\/pages"}],"about":[{"href":"https:\/\/www.asksaraswati.com\/fr\/wp-json\/wp\/v2\/types\/page"}],"author":[{"embeddable":true,"href":"https:\/\/www.asksaraswati.com\/fr\/wp-json\/wp\/v2\/users\/1"}],"replies":[{"embeddable":true,"href":"https:\/\/www.asksaraswati.com\/fr\/wp-json\/wp\/v2\/comments?post=2617"}],"version-history":[{"count":15,"href":"https:\/\/www.asksaraswati.com\/fr\/wp-json\/wp\/v2\/pages\/2617\/revisions"}],"predecessor-version":[{"id":4447,"href":"https:\/\/www.asksaraswati.com\/fr\/wp-json\/wp\/v2\/pages\/2617\/revisions\/4447"}],"wp:attachment":[{"href":"https:\/\/www.asksaraswati.com\/fr\/wp-json\/wp\/v2\/media?parent=2617"}],"curies":[{"name":"wp","href":"https:\/\/api.w.org\/{rel}","templated":true}]}}