{"id":2452,"date":"2025-01-14T08:10:39","date_gmt":"2025-01-14T08:10:39","guid":{"rendered":"https:\/\/www.mahakumbhmela.info\/a-propos-de-nous\/"},"modified":"2025-01-20T06:02:38","modified_gmt":"2025-01-20T06:02:38","slug":"a-propos-de-nous","status":"publish","type":"page","link":"https:\/\/www.asksaraswati.com\/fr\/a-propos-de-nous\/","title":{"rendered":"A propos de nous"},"content":{"rendered":"<p>[et_pb_section fb_built=\u00a0\u00bb1&Prime; theme_builder_area=\u00a0\u00bbpost_content\u00a0\u00bb _builder_version=\u00a0\u00bb4.27.4&Prime; _module_preset=\u00a0\u00bbdefault\u00a0\u00bb background_color=\u00a0\u00bb#8300E9&Prime; background_color_gradient_stops=\u00a0\u00bb#e02b20 26%|#8300e9 37%\u00a0\u00bb background_color_gradient_direction=\u00a0\u00bb119deg\u00a0\u00bb background_color_gradient_direction_radial=\u00a0\u00bbtop right\u00a0\u00bb hover_enabled=\u00a0\u00bb0&Prime; sticky_enabled=\u00a0\u00bb0&Prime;][et_pb_row _builder_version=\u00a0\u00bb4.27.4&Prime; _module_preset=\u00a0\u00bbdefault\u00a0\u00bb theme_builder_area=\u00a0\u00bbpost_content\u00a0\u00bb column_structure=\u00a0\u00bb1_2,1_2&Prime;][et_pb_column _builder_version=\u00a0\u00bb4.27.4&Prime; _module_preset=\u00a0\u00bbdefault\u00a0\u00bb type=\u00a0\u00bb1_2&Prime; theme_builder_area=\u00a0\u00bbpost_content\u00a0\u00bb][et_pb_accordion _builder_version=\u00a0\u00bb4.27.4&Prime; _module_preset=\u00a0\u00bbdefault\u00a0\u00bb theme_builder_area=\u00a0\u00bbpost_content\u00a0\u00bb hover_enabled=\u00a0\u00bb0&Prime; sticky_enabled=\u00a0\u00bb0&Prime;][et_pb_accordion_item title=\u00a0\u00bbRencontrez Amit Sarkar, le cr\u00e9ateur de cette application\u00a0\u00bb _builder_version=\u00a0\u00bb4.27.4&Prime; _module_preset=\u00a0\u00bbdefault\u00a0\u00bb theme_builder_area=\u00a0\u00bbpost_content\u00a0\u00bb open=\u00a0\u00bbon\u00a0\u00bb hover_enabled=\u00a0\u00bb0&Prime; sticky_enabled=\u00a0\u00bb0&Prime; open_toggle_text_color=\u00a0\u00bb#FFFFFF\u00a0\u00bb toggle_font=\u00a0\u00bb&#8211;et_global_heading_font|800|||||||\u00a0\u00bb body_font=\u00a0\u00bb&#8211;et_global_body_font|700|||||||\u00a0\u00bb body_text_color=\u00a0\u00bb#FFFFFF\u00a0\u00bb]<\/p>\n<p>Amit Sarkar apporte plus de 25 ans d&rsquo;expertise en ing\u00e9nierie a\u00e9rospatiale, en gestion de programmes cloud, en d\u00e9veloppement de produits et en intelligence artificielle. Il a commenc\u00e9 sa carri\u00e8re chez Hindustan Aeronautics Limited (HAL), une entreprise du gouvernement indien, o\u00f9 il a contribu\u00e9 aux \u00e9quipes de conception des projets embl\u00e9matiques d&rsquo;avions de combat l\u00e9gers et d&rsquo;h\u00e9licopt\u00e8res l\u00e9gers avanc\u00e9s de l&rsquo;Inde. Aujourd&rsquo;hui install\u00e9 dans la Silicon Valley, M. Sarkar a \u00e9t\u00e9 \u00e0 la pointe de l&rsquo;innovation, levant des fonds de s\u00e9rie A pour des startups ax\u00e9es sur l&rsquo;IA et cr\u00e9ant des outils brevet\u00e9s, notamment une technologie de recherche vocale qui a pr\u00e9c\u00e9d\u00e9 Alexa et Siri.  <\/p>\n<p>[\/et_pb_accordion_item][\/et_pb_accordion][\/et_pb_column][et_pb_column _builder_version=\u00a0\u00bb4.27.4&Prime; _module_preset=\u00a0\u00bbdefault\u00a0\u00bb type=\u00a0\u00bb1_2&Prime; theme_builder_area=\u00a0\u00bbpost_content\u00a0\u00bb][et_pb_image src=\u00a0\u00bbhttp:\/\/www.mahakumbhmela.info\/wp-content\/uploads\/2025\/01\/Amit.jpg\u00a0\u00bb _builder_version=\u00a0\u00bb4.27.4&Prime; _module_preset=\u00a0\u00bbdefault\u00a0\u00bb theme_builder_area=\u00a0\u00bbpost_content\u00a0\u00bb title_text=\u00a0\u00bbAmit\u00a0\u00bb hover_enabled=\u00a0\u00bb0&Prime; sticky_enabled=\u00a0\u00bb0&Prime;][\/et_pb_image][\/et_pb_column][\/et_pb_row][et_pb_row _builder_version=\u00a0\u00bb4.27.4&Prime; _module_preset=\u00a0\u00bbdefault\u00a0\u00bb theme_builder_area=\u00a0\u00bbpost_content\u00a0\u00bb][et_pb_column _builder_version=\u00a0\u00bb4.27.4&Prime; _module_preset=\u00a0\u00bbdefault\u00a0\u00bb type=\u00a0\u00bb4_4&Prime; theme_builder_area=\u00a0\u00bbpost_content\u00a0\u00bb][et_pb_accordion _builder_version=\u00a0\u00bb4.27.4&Prime; _module_preset=\u00a0\u00bbdefault\u00a0\u00bb theme_builder_area=\u00a0\u00bbpost_content\u00a0\u00bb hover_enabled=\u00a0\u00bb0&Prime; sticky_enabled=\u00a0\u00bb0&Prime;][et_pb_accordion_item _builder_version=\u00a0\u00bb4.27.4&Prime; _module_preset=\u00a0\u00bbdefault\u00a0\u00bb theme_builder_area=\u00a0\u00bbpost_content\u00a0\u00bb open=\u00a0\u00bbon\u00a0\u00bb body_text_color=\u00a0\u00bb#FFFFFF\u00a0\u00bb body_font=\u00a0\u00bb&#8211;et_global_body_font|700|||||||\u00a0\u00bb hover_enabled=\u00a0\u00bb0&Prime; sticky_enabled=\u00a0\u00bb0&Prime;]<\/p>\n<p><span style=\"color: #003366;\"><strong>Notre vision<\/strong><\/span><br \/>Nous nous effor\u00e7ons d&rsquo;ouvrir la voie vers l&rsquo;avenir, en exploitant la puissance de l&rsquo;intelligence artificielle, de l&rsquo;IA g\u00e9n\u00e9rative, du cloud public et des technologies de pointe. Notre objectif est de fournir des solutions de pointe aux entreprises et aux agences gouvernementales, en cr\u00e9ant des applications intelligentes qui transforment la fa\u00e7on dont le monde fonctionne. <br \/><span style=\"color: #003366;\"><strong><\/strong><\/span><\/p>\n<p><span style=\"color: #003366;\"><strong>Notre mission<\/strong><\/span><br \/>Alors que l&rsquo;IA remod\u00e8le la main-d&rsquo;\u0153uvre mondiale, impactant plus de 400 millions d&#8217;emplois dans les ann\u00e9es \u00e0 venir, nous nous engageons \u00e0 donner aux talents les outils et les comp\u00e9tences dont ils ont besoin pour s&rsquo;\u00e9panouir. Gr\u00e2ce \u00e0 des formations continues, des s\u00e9minaires, des initiatives de recherche et des activit\u00e9s de renforcement de la communaut\u00e9, nous permettons aux individus et aux organisations de rester \u00e0 la pointe de l&rsquo;\u00e9volution technologique. <\/p>\n<p><span style=\"color: #003366;\"><strong>Notre histoire<\/strong><\/span><br \/>Nous sommes une \u00e9quipe de professionnels de la Silicon Valley avec des d\u00e9cennies d&rsquo;exp\u00e9rience dans l&rsquo;innovation et la technologie de pointe. Notre expertise couvre l&rsquo;intelligence artificielle, l&rsquo;IA g\u00e9n\u00e9rative, LangChain, les bases de donn\u00e9es vectorielles, le cloud computing et les technologies sans serveur. En puisant dans nos connaissances, vous acc\u00e9dez \u00e0 la pointe des avanc\u00e9es technologiques.  <\/p>\n<p><span style=\"color: #003300;\"><strong>Technologies sur lesquelles nous nous appuyons<\/strong><\/span><br \/>&#8211; Intelligence artificielle et apprentissage profond<br \/>&#8211; IA g\u00e9n\u00e9rative (ChatGpt, Anthropic, Cohere, Amazon LLM et autres)<br \/>&#8211; Cloud Computing et technologies sans serveur<br \/>&#8211; LangChain Framework et bases de donn\u00e9es vectorielles<\/p>\n<p>[\/et_pb_accordion_item][\/et_pb_accordion][\/et_pb_column][\/et_pb_row][\/et_pb_section]<\/p>\n","protected":false},"excerpt":{"rendered":"<p>Amit Sarkar apporte plus de 25 ans d&rsquo;expertise en ing\u00e9nierie a\u00e9rospatiale, en gestion de programmes cloud, en d\u00e9veloppement de produits et en intelligence artificielle. Il a commenc\u00e9 sa carri\u00e8re chez Hindustan Aeronautics Limited (HAL), une entreprise du gouvernement indien, o\u00f9 il a contribu\u00e9 aux \u00e9quipes de conception des projets embl\u00e9matiques d&rsquo;avions de combat l\u00e9gers et [&hellip;]<\/p>\n","protected":false},"author":1,"featured_media":0,"parent":0,"menu_order":0,"comment_status":"closed","ping_status":"closed","template":"","meta":{"_et_pb_use_builder":"on","_et_pb_old_content":"","_et_gb_content_width":"","footnotes":""},"class_list":["post-2452","page","type-page","status-publish","hentry"],"ams_acf":[],"jetpack_sharing_enabled":true,"_links":{"self":[{"href":"https:\/\/www.asksaraswati.com\/fr\/wp-json\/wp\/v2\/pages\/2452","targetHints":{"allow":["GET"]}}],"collection":[{"href":"https:\/\/www.asksaraswati.com\/fr\/wp-json\/wp\/v2\/pages"}],"about":[{"href":"https:\/\/www.asksaraswati.com\/fr\/wp-json\/wp\/v2\/types\/page"}],"author":[{"embeddable":true,"href":"https:\/\/www.asksaraswati.com\/fr\/wp-json\/wp\/v2\/users\/1"}],"replies":[{"embeddable":true,"href":"https:\/\/www.asksaraswati.com\/fr\/wp-json\/wp\/v2\/comments?post=2452"}],"version-history":[{"count":6,"href":"https:\/\/www.asksaraswati.com\/fr\/wp-json\/wp\/v2\/pages\/2452\/revisions"}],"predecessor-version":[{"id":4146,"href":"https:\/\/www.asksaraswati.com\/fr\/wp-json\/wp\/v2\/pages\/2452\/revisions\/4146"}],"wp:attachment":[{"href":"https:\/\/www.asksaraswati.com\/fr\/wp-json\/wp\/v2\/media?parent=2452"}],"curies":[{"name":"wp","href":"https:\/\/api.w.org\/{rel}","templated":true}]}}