{"id":2423,"date":"2025-01-14T08:10:39","date_gmt":"2025-01-14T08:10:39","guid":{"rendered":"https:\/\/www.mahakumbhmela.info\/sobre-nosotros\/"},"modified":"2025-01-20T05:54:27","modified_gmt":"2025-01-20T05:54:27","slug":"sobre-nosotros","status":"publish","type":"page","link":"https:\/\/www.asksaraswati.com\/es\/sobre-nosotros\/","title":{"rendered":"Sobre nosotros"},"content":{"rendered":"<p>[et_pb_section fb_built=\u00bb1&#8243; theme_builder_area=\u00bbpost_content\u00bb _builder_version=\u00bb4.27.4&#8243; _module_preset=\u00bbdefault\u00bb background_color=\u00bb#8300E9&#8243; background_color_gradient_stops=\u00bb#e02b20 26%|#8300e9 37%\u00bb background_color_gradient_direction=\u00bb119deg\u00bb background_color_gradient_direction_radial=\u00bbtop right\u00bb hover_enabled=\u00bb0&#8243; sticky_enabled=\u00bb0&#8243;][et_pb_row _builder_version=\u00bb4.27.4&#8243; _module_preset=\u00bbdefault\u00bb theme_builder_area=\u00bbpost_content\u00bb column_structure=\u00bb1_2,1_2&#8243;][et_pb_column _builder_version=\u00bb4.27.4&#8243; _module_preset=\u00bbdefault\u00bb type=\u00bb1_2&#8243; theme_builder_area=\u00bbpost_content\u00bb][et_pb_accordion _builder_version=\u00bb4.27.4&#8243; _module_preset=\u00bbdefault\u00bb theme_builder_area=\u00bbpost_content\u00bb hover_enabled=\u00bb0&#8243; sticky_enabled=\u00bb0&#8243;][et_pb_accordion_item title=\u00bbConoce a Amit Sarkar, el creador de esta aplicaci\u00f3n\u00bb _builder_version=\u00bb4.27.4&#8243; _module_preset=\u00bbdefault\u00bb theme_builder_area=\u00bbpost_content\u00bb open=\u00bbon\u00bb hover_enabled=\u00bb0&#8243; sticky_enabled=\u00bb0&#8243; open_toggle_text_color=\u00bb#FFFFFF\u00bb toggle_font=\u00bb&#8211;et_global_heading_font|800|||||||\u00bb body_font=\u00bb&#8211;et_global_body_font|700|||||||\u00bb body_text_color=\u00bb#FFFFFF\u00bb]<\/p>\n<p>Amit Sarkar aporta m\u00e1s de 25 a\u00f1os de experiencia en Ingenier\u00eda Aeroespacial, Gesti\u00f3n de Programas en la Nube, Desarrollo de Productos e Inteligencia Artificial. Comenz\u00f3 su carrera en Hindustan Aeronautics Limited (HAL), una empresa del Gobierno de la India, donde contribuy\u00f3 a los equipos de dise\u00f1o de los emblem\u00e1ticos proyectos de Aviones Ligeros de Combate y Helic\u00f3pteros Ligeros Avanzados de la India. Ahora afincado en Silicon Valley, Sarkar ha estado a la vanguardia de la innovaci\u00f3n, recaudando financiaci\u00f3n de Serie A para startups impulsadas por la IA y creando herramientas patentadas, incluida la primera tecnolog\u00eda de b\u00fasqueda por voz que precedi\u00f3 a Alexa y Siri.  <\/p>\n<p>[\/et_pb_accordion_item][\/et_pb_accordion][\/et_pb_column][et_pb_column _builder_version=\u00bb4.27.4&#8243; _module_preset=\u00bbdefault\u00bb type=\u00bb1_2&#8243; theme_builder_area=\u00bbpost_content\u00bb][et_pb_image src=\u00bbhttp:\/\/www.mahakumbhmela.info\/wp-content\/uploads\/2025\/01\/Amit.jpg\u00bb _builder_version=\u00bb4.27.4&#8243; _module_preset=\u00bbdefault\u00bb theme_builder_area=\u00bbpost_content\u00bb title_text=\u00bbAmit\u00bb hover_enabled=\u00bb0&#8243; sticky_enabled=\u00bb0&#8243;][\/et_pb_image][\/et_pb_column][\/et_pb_row][et_pb_row _builder_version=\u00bb4.27.4&#8243; _module_preset=\u00bbdefault\u00bb theme_builder_area=\u00bbpost_content\u00bb][et_pb_column _builder_version=\u00bb4.27.4&#8243; _module_preset=\u00bbdefault\u00bb type=\u00bb4_4&#8243; theme_builder_area=\u00bbpost_content\u00bb][et_pb_accordion _builder_version=\u00bb4.27.4&#8243; _module_preset=\u00bbdefault\u00bb theme_builder_area=\u00bbpost_content\u00bb hover_enabled=\u00bb0&#8243; sticky_enabled=\u00bb0&#8243;][et_pb_accordion_item _builder_version=\u00bb4.27.4&#8243; _module_preset=\u00bbdefault\u00bb theme_builder_area=\u00bbpost_content\u00bb open=\u00bbon\u00bb body_text_color=\u00bb#FFFFFF\u00bb body_font=\u00bb&#8211;et_global_body_font|700|||||||\u00bb hover_enabled=\u00bb0&#8243; sticky_enabled=\u00bb0&#8243;]<\/p>\n<p><span style=\"color: #003366;\"><strong>Nuestra visi\u00f3n<\/strong><\/span><br \/>Nos esforzamos por liderar el camino hacia el futuro, aprovechando el poder de la Inteligencia Artificial, la IA Generativa, la Nube P\u00fablica y las tecnolog\u00edas Intelligent Edge. Nuestro objetivo es ofrecer soluciones de vanguardia para empresas y organismos p\u00fablicos, creando aplicaciones inteligentes que transformen el funcionamiento del mundo. <br \/><span style=\"color: #003366;\"><strong><\/strong><\/span><\/p>\n<p><span style=\"color: #003366;\"><strong>Nuestra misi\u00f3n<\/strong><\/span><br \/>A medida que la IA reconfigura la mano de obra mundial, afectando a m\u00e1s de 400 millones de puestos de trabajo en los pr\u00f3ximos a\u00f1os, nos comprometemos a dotar a los talentos de las herramientas y habilidades que necesitan para prosperar. Mediante formaci\u00f3n continua, seminarios, iniciativas de investigaci\u00f3n y actividades de creaci\u00f3n de comunidades, permitimos que las personas y las organizaciones se mantengan a la vanguardia de la evoluci\u00f3n tecnol\u00f3gica. <\/p>\n<p><span style=\"color: #003366;\"><strong>Nuestra historia<\/strong><\/span><br \/>Somos un equipo de profesionales de Silicon Valley con d\u00e9cadas de experiencia en innovaci\u00f3n y tecnolog\u00eda avanzada. Nuestros conocimientos abarcan la Inteligencia Artificial, la IA Generativa, LangChain, las Bases de Datos Vectoriales, la Computaci\u00f3n en la Nube y las Tecnolog\u00edas sin Servidor. Al aprovechar nuestros conocimientos, accedes a la vanguardia de los avances tecnol\u00f3gicos.  <\/p>\n<p><span style=\"color: #003300;\"><strong>Tecnolog\u00edas que aprovechamos<\/strong><\/span><br \/>&#8211; Inteligencia Artificial y Aprendizaje Profundo<br \/>&#8211; IA Generativa (ChatGpt, Anthropic, Cohere, Amazon LLM y otros)<br \/>&#8211; Computaci\u00f3n en la nube y tecnolog\u00edas sin servidor<br \/>&#8211; Marco LangChain y bases de datos vectoriales<\/p>\n<p>[\/et_pb_accordion_item][\/et_pb_accordion][\/et_pb_column][\/et_pb_row][\/et_pb_section]<\/p>\n","protected":false},"excerpt":{"rendered":"<p>Amit Sarkar aporta m\u00e1s de 25 a\u00f1os de experiencia en Ingenier\u00eda Aeroespacial, Gesti\u00f3n de Programas en la Nube, Desarrollo de Productos e Inteligencia Artificial. Comenz\u00f3 su carrera en Hindustan Aeronautics Limited (HAL), una empresa del Gobierno de la India, donde contribuy\u00f3 a los equipos de dise\u00f1o de los emblem\u00e1ticos proyectos de Aviones Ligeros de Combate [&hellip;]<\/p>\n","protected":false},"author":1,"featured_media":0,"parent":0,"menu_order":0,"comment_status":"closed","ping_status":"closed","template":"","meta":{"_et_pb_use_builder":"on","_et_pb_old_content":"","_et_gb_content_width":"","footnotes":""},"class_list":["post-2423","page","type-page","status-publish","hentry"],"ams_acf":[],"jetpack_sharing_enabled":true,"_links":{"self":[{"href":"https:\/\/www.asksaraswati.com\/es\/wp-json\/wp\/v2\/pages\/2423","targetHints":{"allow":["GET"]}}],"collection":[{"href":"https:\/\/www.asksaraswati.com\/es\/wp-json\/wp\/v2\/pages"}],"about":[{"href":"https:\/\/www.asksaraswati.com\/es\/wp-json\/wp\/v2\/types\/page"}],"author":[{"embeddable":true,"href":"https:\/\/www.asksaraswati.com\/es\/wp-json\/wp\/v2\/users\/1"}],"replies":[{"embeddable":true,"href":"https:\/\/www.asksaraswati.com\/es\/wp-json\/wp\/v2\/comments?post=2423"}],"version-history":[{"count":12,"href":"https:\/\/www.asksaraswati.com\/es\/wp-json\/wp\/v2\/pages\/2423\/revisions"}],"predecessor-version":[{"id":4128,"href":"https:\/\/www.asksaraswati.com\/es\/wp-json\/wp\/v2\/pages\/2423\/revisions\/4128"}],"wp:attachment":[{"href":"https:\/\/www.asksaraswati.com\/es\/wp-json\/wp\/v2\/media?parent=2423"}],"curies":[{"name":"wp","href":"https:\/\/api.w.org\/{rel}","templated":true}]}}