{"id":2932,"date":"2025-01-14T06:30:22","date_gmt":"2025-01-14T06:30:22","guid":{"rendered":"https:\/\/www.mahakumbhmela.info\/datenschutzbestimmungen\/"},"modified":"2025-01-20T09:34:29","modified_gmt":"2025-01-20T09:34:29","slug":"datenschutzbestimmungen","status":"publish","type":"page","link":"https:\/\/www.asksaraswati.com\/de\/datenschutzbestimmungen\/","title":{"rendered":"Datenschutzbestimmungen"},"content":{"rendered":"<p>[et_pb_section fb_built=&#8220;1&#8243; admin_label=&#8220;Hero&#8220; _builder_version=&#8220;4.17.6&#8243; _module_preset=&#8220;default&#8220; locked=&#8220;off&#8220; collapsed=&#8220;on&#8220; global_colors_info=&#8220;{}&#8220; theme_builder_area=&#8220;post_content&#8220;][et_pb_row _builder_version=&#8220;4.27.4&#8243; _module_preset=&#8220;default&#8220; theme_builder_area=&#8220;post_content&#8220;][et_pb_column _builder_version=&#8220;4.27.4&#8243; _module_preset=&#8220;default&#8220; type=&#8220;4_4&#8243; theme_builder_area=&#8220;post_content&#8220;][et_pb_accordion _builder_version=&#8220;4.27.4&#8243; _module_preset=&#8220;default&#8220; theme_builder_area=&#8220;post_content&#8220; hover_enabled=&#8220;0&#8243; sticky_enabled=&#8220;0&#8243;][et_pb_accordion_item title=&#8220;Datenschutzbestimmungen&#8220; _builder_version=&#8220;4.27.4&#8243; _module_preset=&#8220;default&#8220; theme_builder_area=&#8220;post_content&#8220; open=&#8220;on&#8220; hover_enabled=&#8220;0&#8243; sticky_enabled=&#8220;0&#8243; body_font=&#8220;&#8211;et_global_body_font|700|||||||&#8220; background_color=&#8220;#FFFFFF&#8220; background_enable_color=&#8220;on&#8220;]<\/p>\n<p><span style=\"color: #ff6600;\"><strong>Datenschutzbestimmungen G\u00fcltigkeitsdatum: Januar 17, 2025<\/strong><\/span><br \/>MahaKumbh 2025 Multilingual Guide (&#8222;wir&#8220;, &#8222;unser&#8220; oder &#8222;uns&#8220;) respektiert Ihre Privatsph\u00e4re und verpflichtet sich, sie durch diese Datenschutzrichtlinie zu sch\u00fctzen. In dieser Datenschutzrichtlinie wird erl\u00e4utert, wie wir Ihre Daten erfassen, verwenden, weitergeben und sch\u00fctzen, wenn Sie unsere mobile Anwendung (&#8222;App&#8220;) nutzen. Bitte lesen Sie diese Richtlinie sorgf\u00e4ltig durch, um zu verstehen, wie wir mit Ihren Daten umgehen und wie wir sie behandeln werden.  <\/p>\n<p><strong><span style=\"color: #ff6600;\">1. Informationen, die wir sammeln<\/span><\/strong><br \/>a. Personenbezogene Daten<br \/>Wir k\u00f6nnen personenbezogene Daten erfassen, wie z.B.:<br \/>&#8211; Name<br \/>&#8211; E-Mail-Adresse<br \/>&#8211; Telefonnummer<br \/>&#8211; Standort (falls aktiviert)<br \/>Diese Daten werden nur erfasst, wenn Sie sie freiwillig angeben, z.B. bei der Kontoregistrierung, in Kontaktformularen oder bei Abonnements.<br \/>b. Nicht-personenbezogene Daten<br \/>Wir k\u00f6nnen automatisch bestimmte nicht-personenbezogene Daten erfassen, wenn Sie die App nutzen, einschlie\u00dflich:<br \/>&#8211; Ger\u00e4teinformationen (z.B., Ger\u00e4tetyp, Betriebssystem, eindeutige Ger\u00e4te-ID)<br \/>&#8211; App-Nutzungsstatistiken (z. B. verwendete Funktionen, Sitzungsdauer)<br \/>&#8211; IP-Adresse<br \/>&#8211; Analysedaten \u00fcber Tools von Drittanbietern wie Google Analytics, Firebase oder andere.<br \/>c. Daten von Drittanbieterdiensten<br \/>Wenn Sie sich \u00fcber einen Drittanbieterdienst (z. B. Google, Facebook oder Apple) anmelden, k\u00f6nnen wir Informationen wie Ihren Namen, Ihr Profilfoto und Ihre E-Mail-Adresse erfassen, sofern dies von dem Dienst genehmigt wurde.   <\/p>\n<p><strong><span style=\"color: #ff6600;\">2. Wie wir Ihre Informationen verwenden<\/span><\/strong><br \/>Wir verwenden Ihre Daten, um:<br \/>&#8211; Die App und ihre Funktionen bereitzustellen, zu warten und zu verbessern.<br \/>&#8211; Ihre Erfahrung zu personalisieren und auf Ihre Interessen zugeschnittene Inhalte zu liefern.<br \/>&#8211; Ihre Anfragen zu beantworten oder Kundendienst zu leisten.<br \/>&#8211; Nutzungstrends zu analysieren, um die Benutzererfahrung zu verbessern.<br \/>&#8211; Benachrichtigungen, Updates oder Werbeinhalte zu senden (mit Ihrer Zustimmung).<br \/>&#8211; Gesetzlichen Verpflichtungen nachzukommen.<\/p>\n<p><strong><span style=\"color: #ff6600;\">3. Wie wir Ihre Informationen weitergeben<\/span><\/strong><br \/>Wir verkaufen oder vermieten Ihre pers\u00f6nlichen Daten nicht an Dritte. Wir k\u00f6nnen Ihre Daten unter den folgenden Umst\u00e4nden weitergeben:<br \/>&#8211; Service Provider: Vertrauensw\u00fcrdige Drittanbieter, die uns beim Betrieb der App unterst\u00fctzen, z. B. beim Hosting, bei der Analyse oder beim E-Mail-Versand.<br \/>&#8211; Gesetzliche Anforderungen: Wenn dies gesetzlich vorgeschrieben ist oder um rechtlichen Verfahren nachzukommen.<br \/>&#8211; Gesch\u00e4fts\u00fcbertragungen: Wenn wir unser Unternehmen fusionieren, verkaufen oder reorganisieren, k\u00f6nnen Ihre Daten als Teil der Verm\u00f6genswerte \u00fcbertragen werden. <\/p>\n<p><strong><span style=\"color: #ff6600;\">4. Datenspeicherung und Sicherheit<\/span><\/strong><br \/>Wir ergreifen geeignete Sicherheitsma\u00dfnahmen, um Ihre Daten vor unbefugtem Zugriff oder Offenlegung zu sch\u00fctzen. Zu diesen Ma\u00dfnahmen geh\u00f6ren:<br \/>&#8211; Verschl\u00fcsselung bei der Daten\u00fcbertragung (z.B. HTTPS, TLS).<br \/>&#8211; Sichere Speicherung unter Verwendung von Cloud-Diensten wie AWS SES und konformen Datenbanken.<br \/>&#8211; Zugangskontrollen und regelm\u00e4\u00dfige \u00dcberwachung.<br \/>Allerdings ist keine Methode der \u00dcbertragung \u00fcber das Internet oder der elektronischen Speicherung zu 100% sicher, und wir k\u00f6nnen keine absolute Sicherheit garantieren. <\/p>\n<p><strong><span style=\"color: #ff6600;\">5. Ihre Rechte<\/span><\/strong><br \/>Je nach Ihrem Wohnort haben Sie bestimmte Rechte in Bezug auf Ihre Daten, wie z.B.:<br \/>&#8211; Zugang: Beantragen Sie Zugang zu Ihren pers\u00f6nlichen Daten.<br \/>&#8211; Berichtigung: Verlangen Sie die Korrektur unrichtiger Daten.<br \/>&#8211; L\u00f6schung: Beantragen Sie die L\u00f6schung Ihrer pers\u00f6nlichen Daten.<br \/>&#8211; Opt-Out: Abmeldung von Marketingmitteilungen oder bestimmten Datenerfassungspraktiken.<br \/>Um Ihre Rechte auszu\u00fcben, verwenden Sie bitte unser <span style=\"color: #0000ff;\"><a href=\"https:\/\/www.mahakumbhmela.info\/contact\/\" style=\"color: #0000ff;\">Kontaktformular<\/a>.<\/span><\/p>\n<p><span style=\"color: #ff6600;\"><strong>6. Datenschutz f\u00fcr Kinder<\/strong><\/span><br \/>Die App ist nicht f\u00fcr Kinder unter 13 Jahren bestimmt. Wir sammeln nicht wissentlich pers\u00f6nliche Daten von Kindern. Wenn Sie der Meinung sind, dass wir Daten von einem Kind gesammelt haben, kontaktieren Sie uns bitte \u00fcber unser Kontakt-Formular, und wir werden entsprechende Schritte unternehmen, um diese Daten zu l\u00f6schen.  <\/p>\n<p><strong><span style=\"color: #ff6600;\">7. Links und Dienste von Drittanbietern<\/span><\/strong><br \/>Unsere App kann Links zu Websites oder Diensten Dritter enthalten. Wir sind nicht f\u00fcr die Datenschutzpraktiken dieser Drittanbieter verantwortlich. Wir empfehlen Ihnen, deren Datenschutzrichtlinien zu lesen.  <\/p>\n<p><span style=\"color: #ff6600;\"><strong>8. \u00c4nderungen an dieser Datenschutzrichtlinie<\/strong><\/span><br \/>Wir k\u00f6nnen diese Datenschutzrichtlinie von Zeit zu Zeit aktualisieren. \u00c4nderungen werden in der App ver\u00f6ffentlicht und das &#8222;Datum des Inkrafttretens&#8220; oben in der App wird aktualisiert. Ihre fortgesetzte Nutzung der App nach einer \u00c4nderung bedeutet, dass Sie die \u00fcberarbeitete Richtlinie akzeptieren.  <\/p>\n<p><strong><span style=\"color: #ff6600;\">9. Kontaktieren Sie uns<\/span><\/strong><br \/>Wenn Sie Fragen zu dieser Datenschutzrichtlinie oder unseren Datenpraktiken haben, wenden Sie sich bitte \u00fcber unser <a href=\"https:\/\/www.mahakumbhmela.info\/contact\/\"><span style=\"color: #0000ff;\">Kontakt-Formular.<\/span><\/a><\/p>\n<p>[\/et_pb_accordion_item][\/et_pb_accordion][\/et_pb_column][\/et_pb_row][\/et_pb_section]<\/p>\n","protected":false},"excerpt":{"rendered":"<p>Datenschutzbestimmungen G\u00fcltigkeitsdatum: Januar 17, 2025MahaKumbh 2025 Multilingual Guide (&#8222;wir&#8220;, &#8222;unser&#8220; oder &#8222;uns&#8220;) respektiert Ihre Privatsph\u00e4re und verpflichtet sich, sie durch diese Datenschutzrichtlinie zu sch\u00fctzen. In dieser Datenschutzrichtlinie wird erl\u00e4utert, wie wir Ihre Daten erfassen, verwenden, weitergeben und sch\u00fctzen, wenn Sie unsere mobile Anwendung (&#8222;App&#8220;) nutzen. Bitte lesen Sie diese Richtlinie sorgf\u00e4ltig durch, um zu verstehen, [&hellip;]<\/p>\n","protected":false},"author":1,"featured_media":0,"parent":0,"menu_order":0,"comment_status":"closed","ping_status":"closed","template":"","meta":{"_et_pb_use_builder":"on","_et_pb_old_content":"","_et_gb_content_width":"","footnotes":""},"class_list":["post-2932","page","type-page","status-publish","hentry"],"ams_acf":[],"jetpack_sharing_enabled":true,"_links":{"self":[{"href":"https:\/\/www.asksaraswati.com\/de\/wp-json\/wp\/v2\/pages\/2932","targetHints":{"allow":["GET"]}}],"collection":[{"href":"https:\/\/www.asksaraswati.com\/de\/wp-json\/wp\/v2\/pages"}],"about":[{"href":"https:\/\/www.asksaraswati.com\/de\/wp-json\/wp\/v2\/types\/page"}],"author":[{"embeddable":true,"href":"https:\/\/www.asksaraswati.com\/de\/wp-json\/wp\/v2\/users\/1"}],"replies":[{"embeddable":true,"href":"https:\/\/www.asksaraswati.com\/de\/wp-json\/wp\/v2\/comments?post=2932"}],"version-history":[{"count":12,"href":"https:\/\/www.asksaraswati.com\/de\/wp-json\/wp\/v2\/pages\/2932\/revisions"}],"predecessor-version":[{"id":4431,"href":"https:\/\/www.asksaraswati.com\/de\/wp-json\/wp\/v2\/pages\/2932\/revisions\/4431"}],"wp:attachment":[{"href":"https:\/\/www.asksaraswati.com\/de\/wp-json\/wp\/v2\/media?parent=2932"}],"curies":[{"name":"wp","href":"https:\/\/api.w.org\/{rel}","templated":true}]}}